{"id":44,"date":"2025-04-07T10:09:31","date_gmt":"2025-04-07T10:09:31","guid":{"rendered":"https:\/\/wemuse.be\/?page_id=44"},"modified":"2025-04-23T10:54:47","modified_gmt":"2025-04-23T10:54:47","slug":"accueil","status":"publish","type":"page","link":"https:\/\/wemuse.be\/","title":{"rendered":"Accueil"},"content":{"rendered":"\n<div class=\"wp-block-uagb-container uagb-block-mnk6sxuy alignfull uagb-is-root-container\"><div class=\"uagb-container-inner-blocks-wrap\">\n<div class=\"wp-block-uagb-container uagb-block-qgc2o8id\">\n<div class=\"wp-block-uagb-advanced-heading uagb-block-7b6a38e9\"><h1 class=\"uagb-heading-text\">Muse M\u00e9dia<\/h1><\/div>\n\n\n\n<div class=\"wp-block-uagb-advanced-heading uagb-block-b3e53df2\"><p class=\"uagb-heading-text\"><br>Muse est un espace libre o\u00f9 l\u2019on s\u2019exprime, r\u00e9fl\u00e9chit et \u00e9change autour des grands sujets du monde. Un m\u00e9dia accessible \u00e0 tous, qui m\u00eale formats vari\u00e9s et points de vue multiples pour nourrir la r\u00e9flexion collective.<\/p><\/div>\n\n\n\n<div class=\"wp-block-uagb-buttons uagb-buttons__outer-wrap uagb-btn__default-btn uagb-btn-tablet__default-btn uagb-btn-mobile__default-btn uagb-block-qrrhnkqi\"><div class=\"uagb-buttons__wrap uagb-buttons-layout-wrap \">\n<div class=\"wp-block-uagb-buttons-child uagb-buttons__outer-wrap uagb-block-dpbitgph wp-block-button\"><div class=\"uagb-button__wrapper\"><a class=\"uagb-buttons-repeater wp-block-button__link\" aria-label=\"\" href=\"https:\/\/wemuse.be\/index.php\/articles\/\" rel=\"follow noopener\" target=\"_self\" role=\"button\"><div class=\"uagb-button__link\">D\u00e9couvrir<\/div><\/a><\/div><\/div>\n<\/div><\/div>\n<\/div>\n\n\n\n<div class=\"wp-block-uagb-image alignright uagb-block-ot87tfxy wp-block-uagb-image--layout-default wp-block-uagb-image--effect-static wp-block-uagb-image--align-right alignleft\"><figure class=\"wp-block-uagb-image__figure\"><img decoding=\"async\" srcset=\"https:\/\/wemuse.be\/wp-content\/uploads\/2025\/04\/CC25D276-B99A-4F51-955A-730EA3B73E55_1_105_c-e1744021070901.jpg ,https:\/\/wemuse.be\/wp-content\/uploads\/2025\/04\/CC25D276-B99A-4F51-955A-730EA3B73E55_1_105_c-e1744021070901.jpg 780w, https:\/\/wemuse.be\/wp-content\/uploads\/2025\/04\/CC25D276-B99A-4F51-955A-730EA3B73E55_1_105_c-e1744021070901.jpg 360w\" sizes=\"auto, (max-width: 480px) 150px\" src=\"https:\/\/wemuse.be\/wp-content\/uploads\/2025\/04\/CC25D276-B99A-4F51-955A-730EA3B73E55_1_105_c-e1744021070901.jpg\" alt=\"Earth - Everything Always returns to her - Brian Kirhagis\" class=\"uag-image-8\" width=\"518\" height=\"450\" title=\"Earth - Everything Always returns to her - Brian Kirhagis\" loading=\"lazy\" role=\"img\"\/><\/figure><\/div>\n<\/div><\/div>\n\n\n\n<div class=\"wp-block-uagb-container uagb-block-8c1ba394 alignfull uagb-is-root-container\"><div class=\"uagb-container-inner-blocks-wrap\">\n<div class=\"wp-block-uagb-container uagb-block-7042297b\">\n<div class=\"wp-block-uagb-advanced-heading uagb-block-64920412\"><h1 class=\"uagb-heading-text\"><mark style=\"background-color:rgba(0, 0, 0, 0)\" class=\"has-inline-color has-ast-global-color-5-color\">Nos derniers articles<\/mark><\/h1><div class=\"uagb-separator\"><\/div><\/div>\n\n\n<ul style=\"padding-right:var(--wp--preset--spacing--20);padding-left:var(--wp--preset--spacing--20);padding-top:var(--wp--preset--spacing--20);padding-bottom:var(--wp--preset--spacing--20);\" class=\"wp-block-latest-posts__list is-grid columns-3 has-dates wp-block-latest-posts\"><li><div class=\"wp-block-latest-posts__featured-image\"><img loading=\"lazy\" decoding=\"async\" width=\"300\" height=\"200\" src=\"https:\/\/wemuse.be\/wp-content\/uploads\/2025\/05\/goma-femmes-300x200.jpeg\" class=\"attachment-medium size-medium wp-post-image\" alt=\"\" style=\"max-width:300px;max-height:300px;\" srcset=\"https:\/\/wemuse.be\/wp-content\/uploads\/2025\/05\/goma-femmes-300x200.jpeg 300w, https:\/\/wemuse.be\/wp-content\/uploads\/2025\/05\/goma-femmes-1024x683.jpeg 1024w, https:\/\/wemuse.be\/wp-content\/uploads\/2025\/05\/goma-femmes-768x512.jpeg 768w, https:\/\/wemuse.be\/wp-content\/uploads\/2025\/05\/goma-femmes-1536x1024.jpeg 1536w, https:\/\/wemuse.be\/wp-content\/uploads\/2025\/05\/goma-femmes-2048x1365.jpeg 2048w\" sizes=\"auto, (max-width: 300px) 100vw, 300px\" \/><\/div><a class=\"wp-block-latest-posts__post-title\" href=\"https:\/\/wemuse.be\/index.php\/2025\/05\/28\/goma-les-femmes-au-coeur-dun-conflit-oublie\/\">Goma : les femmes au c\u0153ur d\u2019un conflit oubli\u00e9<\/a><time datetime=\"2025-05-28T12:44:13+00:00\" class=\"wp-block-latest-posts__post-date\">mai 28, 2025<\/time><div class=\"wp-block-latest-posts__post-excerpt\">\u00c0 Goma, dans l\u2019est de la R\u00e9publique d\u00e9mocratique du Congo, les femmes paient le prix le plus lourd d\u2019un conflit qui s\u2019enlise.&nbsp;Depuis la prise de\u2026 <a class=\"wp-block-latest-posts__read-more\" href=\"https:\/\/wemuse.be\/index.php\/2025\/05\/28\/goma-les-femmes-au-coeur-dun-conflit-oublie\/\" rel=\"noopener noreferrer\">Lire la suite<span class=\"screen-reader-text\">\u00a0: Goma : les femmes au c\u0153ur d\u2019un conflit oubli\u00e9<\/span><\/a><\/div><\/li>\n<li><div class=\"wp-block-latest-posts__featured-image\"><img loading=\"lazy\" decoding=\"async\" width=\"242\" height=\"300\" src=\"https:\/\/wemuse.be\/wp-content\/uploads\/2025\/05\/IMG_3396-242x300.jpg\" class=\"attachment-medium size-medium wp-post-image\" alt=\"\" style=\"max-width:300px;max-height:300px;\" srcset=\"https:\/\/wemuse.be\/wp-content\/uploads\/2025\/05\/IMG_3396-242x300.jpg 242w, https:\/\/wemuse.be\/wp-content\/uploads\/2025\/05\/IMG_3396-827x1024.jpg 827w, https:\/\/wemuse.be\/wp-content\/uploads\/2025\/05\/IMG_3396-768x951.jpg 768w, https:\/\/wemuse.be\/wp-content\/uploads\/2025\/05\/IMG_3396.jpg 1179w\" sizes=\"auto, (max-width: 242px) 100vw, 242px\" \/><\/div><a class=\"wp-block-latest-posts__post-title\" href=\"https:\/\/wemuse.be\/index.php\/2025\/05\/26\/la-mode-et-lecologie-vont-elles-de-pair\/\">La mode et l\u2019\u00e9cologie vont-elles de pair\u00a0?<\/a><time datetime=\"2025-05-26T23:37:49+00:00\" class=\"wp-block-latest-posts__post-date\">mai 26, 2025<\/time><div class=\"wp-block-latest-posts__post-excerpt\">En 2025, l&rsquo;industrie de la mode conna\u00eet plus que jamais une transformation majeure en int\u00e9grant l&rsquo;\u00e9cologie au c\u0153ur de ses pr\u00e9occupations. Face aux d\u00e9fis\u00a0environnementaux, Gucci,\u2026 <a class=\"wp-block-latest-posts__read-more\" href=\"https:\/\/wemuse.be\/index.php\/2025\/05\/26\/la-mode-et-lecologie-vont-elles-de-pair\/\" rel=\"noopener noreferrer\">Lire la suite<span class=\"screen-reader-text\">\u00a0: La mode et l\u2019\u00e9cologie vont-elles de pair\u00a0?<\/span><\/a><\/div><\/li>\n<li><div class=\"wp-block-latest-posts__featured-image\"><img loading=\"lazy\" decoding=\"async\" width=\"300\" height=\"244\" src=\"https:\/\/wemuse.be\/wp-content\/uploads\/2025\/05\/838-gettyimages-591900346-1-300x244.jpg\" class=\"attachment-medium size-medium wp-post-image\" alt=\"\" style=\"max-width:300px;max-height:300px;\" srcset=\"https:\/\/wemuse.be\/wp-content\/uploads\/2025\/05\/838-gettyimages-591900346-1-300x244.jpg 300w, https:\/\/wemuse.be\/wp-content\/uploads\/2025\/05\/838-gettyimages-591900346-1-768x625.jpg 768w, https:\/\/wemuse.be\/wp-content\/uploads\/2025\/05\/838-gettyimages-591900346-1.jpg 838w\" sizes=\"auto, (max-width: 300px) 100vw, 300px\" \/><\/div><a class=\"wp-block-latest-posts__post-title\" href=\"https:\/\/wemuse.be\/index.php\/2025\/05\/22\/professionnelles-mais-pas-egales-ce-que-les-sportives-endurent-encore-en-2025\/\">Professionnelles mais pas \u00e9gales : ce que les sportives endurent encore en 2025\u00a0<\/a><time datetime=\"2025-05-22T16:27:40+00:00\" class=\"wp-block-latest-posts__post-date\">mai 22, 2025<\/time><div class=\"wp-block-latest-posts__post-excerpt\">Le sport f\u00e9minin : la m\u00eame sueur, mais pas la m\u00eame reconnaissance \u00a0Par Boston Globe \u2013 Getty. Kathrine Zwitzer, agress\u00e9e le 19 avril 1967, lors\u2026 <a class=\"wp-block-latest-posts__read-more\" href=\"https:\/\/wemuse.be\/index.php\/2025\/05\/22\/professionnelles-mais-pas-egales-ce-que-les-sportives-endurent-encore-en-2025\/\" rel=\"noopener noreferrer\">Lire la suite<span class=\"screen-reader-text\">\u00a0: Professionnelles mais pas \u00e9gales : ce que les sportives endurent encore en 2025\u00a0<\/span><\/a><\/div><\/li>\n<\/ul><\/div>\n<\/div><\/div>\n\n\n\n<p><\/p>\n","protected":false},"excerpt":{"rendered":"<p>Muse M\u00e9dia Muse est un espace libre o\u00f9 l\u2019on s\u2019exprime, r\u00e9fl\u00e9chit et \u00e9change autour des grands sujets du monde. Un m\u00e9dia accessible \u00e0 tous, qui m\u00eale formats vari\u00e9s et points de vue multiples pour nourrir la r\u00e9flexion collective. Nos derniers articles<\/p>\n","protected":false},"author":1,"featured_media":0,"parent":0,"menu_order":0,"comment_status":"closed","ping_status":"closed","template":"","meta":{"_uag_custom_page_level_css":"","site-sidebar-layout":"default","site-content-layout":"","ast-site-content-layout":"","site-content-style":"default","site-sidebar-style":"default","ast-global-header-display":"","ast-banner-title-visibility":"","ast-main-header-display":"","ast-hfb-above-header-display":"","ast-hfb-below-header-display":"","ast-hfb-mobile-header-display":"","site-post-title":"disabled","ast-breadcrumbs-content":"","ast-featured-img":"","footer-sml-layout":"","theme-transparent-header-meta":"","adv-header-id-meta":"","stick-header-meta":"","header-above-stick-meta":"","header-main-stick-meta":"","header-below-stick-meta":"","astra-migrate-meta-layouts":"default","ast-page-background-enabled":"default","ast-page-background-meta":{"desktop":{"background-color":"var(--ast-global-color-5)","background-image":"","background-repeat":"repeat","background-position":"center center","background-size":"auto","background-attachment":"scroll","background-type":"","background-media":"","overlay-type":"","overlay-color":"","overlay-opacity":"","overlay-gradient":""},"tablet":{"background-color":"","background-image":"","background-repeat":"repeat","background-position":"center center","background-size":"auto","background-attachment":"scroll","background-type":"","background-media":"","overlay-type":"","overlay-color":"","overlay-opacity":"","overlay-gradient":""},"mobile":{"background-color":"","background-image":"","background-repeat":"repeat","background-position":"center center","background-size":"auto","background-attachment":"scroll","background-type":"","background-media":"","overlay-type":"","overlay-color":"","overlay-opacity":"","overlay-gradient":""}},"ast-content-background-meta":{"desktop":{"background-color":"var(--ast-global-color-4)","background-image":"","background-repeat":"repeat","background-position":"center center","background-size":"auto","background-attachment":"scroll","background-type":"","background-media":"","overlay-type":"","overlay-color":"","overlay-opacity":"","overlay-gradient":""},"tablet":{"background-color":"var(--ast-global-color-4)","background-image":"","background-repeat":"repeat","background-position":"center center","background-size":"auto","background-attachment":"scroll","background-type":"","background-media":"","overlay-type":"","overlay-color":"","overlay-opacity":"","overlay-gradient":""},"mobile":{"background-color":"var(--ast-global-color-4)","background-image":"","background-repeat":"repeat","background-position":"center center","background-size":"auto","background-attachment":"scroll","background-type":"","background-media":"","overlay-type":"","overlay-color":"","overlay-opacity":"","overlay-gradient":""}},"footnotes":""},"class_list":["post-44","page","type-page","status-publish","hentry"],"uagb_featured_image_src":{"full":false,"thumbnail":false,"medium":false,"medium_large":false,"large":false,"1536x1536":false,"2048x2048":false},"uagb_author_info":{"display_name":"admin5864","author_link":"https:\/\/wemuse.be\/index.php\/author\/admin5864\/"},"uagb_comment_info":0,"uagb_excerpt":"Muse M\u00e9dia Muse est un espace libre o\u00f9 l\u2019on s\u2019exprime, r\u00e9fl\u00e9chit et \u00e9change autour des grands sujets du monde. Un m\u00e9dia accessible \u00e0 tous, qui m\u00eale formats vari\u00e9s et points de vue multiples pour nourrir la r\u00e9flexion collective. Nos derniers articles","_links":{"self":[{"href":"https:\/\/wemuse.be\/index.php\/wp-json\/wp\/v2\/pages\/44","targetHints":{"allow":["GET"]}}],"collection":[{"href":"https:\/\/wemuse.be\/index.php\/wp-json\/wp\/v2\/pages"}],"about":[{"href":"https:\/\/wemuse.be\/index.php\/wp-json\/wp\/v2\/types\/page"}],"author":[{"embeddable":true,"href":"https:\/\/wemuse.be\/index.php\/wp-json\/wp\/v2\/users\/1"}],"replies":[{"embeddable":true,"href":"https:\/\/wemuse.be\/index.php\/wp-json\/wp\/v2\/comments?post=44"}],"version-history":[{"count":47,"href":"https:\/\/wemuse.be\/index.php\/wp-json\/wp\/v2\/pages\/44\/revisions"}],"predecessor-version":[{"id":403,"href":"https:\/\/wemuse.be\/index.php\/wp-json\/wp\/v2\/pages\/44\/revisions\/403"}],"wp:attachment":[{"href":"https:\/\/wemuse.be\/index.php\/wp-json\/wp\/v2\/media?parent=44"}],"curies":[{"name":"wp","href":"https:\/\/api.w.org\/{rel}","templated":true}]}}